{"id":18,"date":"2026-03-10T22:36:07","date_gmt":"2026-03-10T22:36:07","guid":{"rendered":"https:\/\/portofelepiele.ro\/?page_id=18"},"modified":"2026-03-10T22:36:30","modified_gmt":"2026-03-10T22:36:30","slug":"politica-de-cookie","status":"publish","type":"page","link":"https:\/\/portofelepiele.ro\/?page_id=18","title":{"rendered":"Politica de Cookie"},"content":{"rendered":"<div class=\"fusion-fullwidth fullwidth-box fusion-builder-row-1 fusion-flex-container has-pattern-background has-mask-background nonhundred-percent-fullwidth non-hundred-percent-height-scrolling\" style=\"--awb-border-radius-top-left:0px;--awb-border-radius-top-right:0px;--awb-border-radius-bottom-right:0px;--awb-border-radius-bottom-left:0px;--awb-flex-wrap:wrap;\" ><div class=\"fusion-builder-row fusion-row fusion-flex-align-items-flex-start fusion-flex-content-wrap\" style=\"max-width:1248px;margin-left: calc(-4% \/ 2 );margin-right: calc(-4% \/ 2 );\"><div class=\"fusion-layout-column fusion_builder_column fusion-builder-column-0 fusion_builder_column_1_1 1_1 fusion-flex-column\" style=\"--awb-bg-size:cover;--awb-width-large:100%;--awb-margin-top-large:0px;--awb-spacing-right-large:1.92%;--awb-margin-bottom-large:20px;--awb-spacing-left-large:1.92%;--awb-width-medium:100%;--awb-order-medium:0;--awb-spacing-right-medium:1.92%;--awb-spacing-left-medium:1.92%;--awb-width-small:100%;--awb-order-small:0;--awb-spacing-right-small:1.92%;--awb-spacing-left-small:1.92%;\"><div class=\"fusion-column-wrapper fusion-column-has-shadow fusion-flex-justify-content-flex-start fusion-content-layout-column\"><div class=\"fusion-text fusion-text-1\"><p>Politica de Cookie a site-ului www.portofelepiele.ro<br \/>www.portofelepiele.ro utilizeaz\u0103 fi\u0219iere cookie pentru a \u00eembun\u0103t\u0103\u021bi experien\u021ba utilizatorilor \u0219i pentru a asigura func\u021bionarea corect\u0103 a site-ului.<\/p>\n<p>Ce sunt cookie-urile?&nbsp;<img decoding=\"async\" class=\"emoji\" role=\"img\" draggable=\"false\" src=\"https:\/\/s.w.org\/images\/core\/emoji\/17.0.2\/svg\/1f36a.svg\" alt=\"\ud83c\udf6a\"><br \/>Cookie-urile sunt fi\u0219iere mici de text stocate pe dispozitivul utilizatorului (computer, telefon, tablet\u0103) atunci c\u00e2nd viziteaz\u0103 un site web. Acestea permit site-ului s\u0103 recunoasc\u0103 dispozitivul \u0219i s\u0103 re\u021bin\u0103 anumite informa\u021bii, precum preferin\u021bele, co\u0219ul de cump\u0103r\u0103turi sau sesiunea de autentificare.<br \/>Tipuri de cookie-uri utilizate&nbsp;<img decoding=\"async\" class=\"emoji\" role=\"img\" draggable=\"false\" src=\"https:\/\/s.w.org\/images\/core\/emoji\/17.0.2\/svg\/1f36a.svg\" alt=\"\ud83c\udf6a\"><br \/><img decoding=\"async\" class=\"emoji\" role=\"img\" draggable=\"false\" src=\"https:\/\/s.w.org\/images\/core\/emoji\/17.0.2\/svg\/1f539.svg\" alt=\"\ud83d\udd39\">&nbsp;Cookie-uri necesare<br \/>Sunt esen\u021biale pentru func\u021bionarea de baz\u0103 a site-ului \u0219i nu pot fi dezactivate. Acestea includ: gestionarea co\u0219ului de cump\u0103r\u0103turi, men\u021binerea sesiunii utilizatorului, securitatea site-ului<br \/><img decoding=\"async\" class=\"emoji\" role=\"img\" draggable=\"false\" src=\"https:\/\/s.w.org\/images\/core\/emoji\/17.0.2\/svg\/1f539.svg\" alt=\"\ud83d\udd39\">&nbsp;Cookie-uri statistice<br \/>Acestea ajut\u0103 la \u00een\u021belegerea modului \u00een care utilizatorii interac\u021bioneaz\u0103 cu site-ul, prin colectarea de date anonime, cum ar fi: pagini vizitate, durata vizitei, sursa traficulu (ex: Google Analytics)<br \/><img decoding=\"async\" class=\"emoji\" role=\"img\" draggable=\"false\" src=\"https:\/\/s.w.org\/images\/core\/emoji\/17.0.2\/svg\/1f539.svg\" alt=\"\ud83d\udd39\">&nbsp;Cookie-uri de marketing<br \/>Sunt utilizate pentru a afi\u0219a reclame relevante \u0219i personalizate, \u00een func\u021bie de interesele utilizatorului.<br \/>(ex: Facebook Pixel, Google Ads)<br \/>Consim\u021b\u0103m\u00e2nt \u0219i gestionare cookie-uri<br \/>La prima accesare a site-ului, utilizatorul este informat despre utilizarea cookie-urilor printr-un banner dedicat.<br \/>Utilizatorul \u00ee\u0219i poate exprima consim\u021b\u0103m\u00e2ntul prin acceptarea sau refuzarea cookie-urilor, integral sau par\u021bial.<br \/>Consim\u021b\u0103m\u00e2ntul poate fi retras sau modificat ulterior din set\u0103rile browserului.<br \/>Gestionarea cookie-urilor \u00een browser<br \/>Utilizatorii pot gestiona sau \u0219terge cookie-urile din set\u0103rile browserului. Mai jos sunt c\u00e2teva ghiduri utile:<br \/>Google Chrome: https:\/\/support.google.com\/chrome\/answer\/95647<br \/>Mozilla Firefox: https:\/\/support.mozilla.org\/ro\/kb\/cookie-uri<br \/>Safari: https:\/\/support.apple.com\/ro-ro\/guide\/safari\/sfri11471\/mac<br \/>Microsoft Edge: https:\/\/support.microsoft.com\/ro-ro\/help\/4027947<br \/>Contact<br \/>Pentru orice \u00eentrebare legat\u0103 de utilizarea cookie-urilor, ne pute\u021bi contacta la:<br \/><img decoding=\"async\" class=\"emoji\" role=\"img\" draggable=\"false\" src=\"https:\/\/s.w.org\/images\/core\/emoji\/17.0.2\/svg\/1f4e7.svg\" alt=\"\ud83d\udce7\">&nbsp;contact@httpsportofelepielero.local<\/p>\n<\/div><\/div><\/div><\/div><\/div>\n","protected":false},"excerpt":{"rendered":"","protected":false},"author":1,"featured_media":0,"parent":0,"menu_order":0,"comment_status":"closed","ping_status":"closed","template":"100-width.php","meta":{"footnotes":""},"class_list":["post-18","page","type-page","status-publish","hentry"],"_links":{"self":[{"href":"https:\/\/portofelepiele.ro\/index.php?rest_route=\/wp\/v2\/pages\/18","targetHints":{"allow":["GET"]}}],"collection":[{"href":"https:\/\/portofelepiele.ro\/index.php?rest_route=\/wp\/v2\/pages"}],"about":[{"href":"https:\/\/portofelepiele.ro\/index.php?rest_route=\/wp\/v2\/types\/page"}],"author":[{"embeddable":true,"href":"https:\/\/portofelepiele.ro\/index.php?rest_route=\/wp\/v2\/users\/1"}],"replies":[{"embeddable":true,"href":"https:\/\/portofelepiele.ro\/index.php?rest_route=%2Fwp%2Fv2%2Fcomments&post=18"}],"version-history":[{"count":2,"href":"https:\/\/portofelepiele.ro\/index.php?rest_route=\/wp\/v2\/pages\/18\/revisions"}],"predecessor-version":[{"id":20,"href":"https:\/\/portofelepiele.ro\/index.php?rest_route=\/wp\/v2\/pages\/18\/revisions\/20"}],"wp:attachment":[{"href":"https:\/\/portofelepiele.ro\/index.php?rest_route=%2Fwp%2Fv2%2Fmedia&parent=18"}],"curies":[{"name":"wp","href":"https:\/\/api.w.org\/{rel}","templated":true}]}}