{"id":57,"date":"2026-03-10T23:17:59","date_gmt":"2026-03-10T23:17:59","guid":{"rendered":"https:\/\/portofelepiele.ro\/?page_id=57"},"modified":"2026-03-10T23:18:54","modified_gmt":"2026-03-10T23:18:54","slug":"politica-gdpr","status":"publish","type":"page","link":"https:\/\/portofelepiele.ro\/?page_id=57","title":{"rendered":"Politica GDPR"},"content":{"rendered":"<div class=\"fusion-fullwidth fullwidth-box fusion-builder-row-1 fusion-flex-container has-pattern-background has-mask-background nonhundred-percent-fullwidth non-hundred-percent-height-scrolling\" style=\"--awb-border-radius-top-left:0px;--awb-border-radius-top-right:0px;--awb-border-radius-bottom-right:0px;--awb-border-radius-bottom-left:0px;--awb-flex-wrap:wrap;\" ><div class=\"fusion-builder-row fusion-row fusion-flex-align-items-flex-start fusion-flex-content-wrap\" style=\"max-width:1248px;margin-left: calc(-4% \/ 2 );margin-right: calc(-4% \/ 2 );\"><div class=\"fusion-layout-column fusion_builder_column fusion-builder-column-0 fusion_builder_column_1_1 1_1 fusion-flex-column\" style=\"--awb-bg-size:cover;--awb-width-large:100%;--awb-margin-top-large:0px;--awb-spacing-right-large:1.92%;--awb-margin-bottom-large:20px;--awb-spacing-left-large:1.92%;--awb-width-medium:100%;--awb-order-medium:0;--awb-spacing-right-medium:1.92%;--awb-spacing-left-medium:1.92%;--awb-width-small:100%;--awb-order-small:0;--awb-spacing-right-small:1.92%;--awb-spacing-left-small:1.92%;\"><div class=\"fusion-column-wrapper fusion-column-has-shadow fusion-flex-justify-content-flex-start fusion-content-layout-column\"><div class=\"fusion-text fusion-text-1\"><h2 class=\"wp-block-heading fusion-responsive-typography-calculated\" data-fontsize=\"48\" data-lineheight=\"57.6px\">Politica GDPR<\/h2>\n<p>Informa\u021bii generale<br \/>Prezenta politic\u0103 descrie modul \u00een care sunt colectate, utilizate \u0219i protejate datele cu caracter personal, \u00een conformitate cu Regulamentul (UE) 2016\/679 \u2013 GDPR.<br \/>Site-ul www.portofelepiele.ro respect\u0103 dreptul la via\u021b\u0103 privat\u0103 al utilizatorilor \u0219i se angajeaz\u0103 s\u0103 protejeze datele personale prelucrate.<br \/>Operatorul de date<br \/>Operatorul datelor cu caracter personal este administratorul site-ului:<br \/><img decoding=\"async\" class=\"emoji\" role=\"img\" draggable=\"false\" src=\"https:\/\/s.w.org\/images\/core\/emoji\/17.0.2\/svg\/1f310.svg\" alt=\"\ud83c\udf10\">&nbsp;www.portofelepiele.ro<br \/><img decoding=\"async\" class=\"emoji\" role=\"img\" draggable=\"false\" src=\"https:\/\/s.w.org\/images\/core\/emoji\/17.0.2\/svg\/1f4e7.svg\" alt=\"\ud83d\udce7\">&nbsp;Email contact: contact@httpsportofelepielero.local<br \/>Ce este GDPR?<br \/>GDPR (Regulamentul General privind Protec\u021bia Datelor) este un regulament european care stabile\u0219te modul \u00een care datele personale ale persoanelor fizice trebuie: colectate, prelucrate, stocate, protejate.<br \/>Ce date personale colect\u0103m?<br \/>\u00cen func\u021bie de interac\u021biunea cu site-ul, pot fi colectate urm\u0103toarele date: nume \u0219i prenume, adres\u0103 de e-mail, num\u0103r de telefon, adres\u0103 de livrare \u0219i\/sau facturare, informa\u021bii despre comenzi date tehnice: adres\u0103 IP, tip browser, sistem de operare, dispozitiv<br \/>Scopul prelucr\u0103rii datelor<br \/>Datele personale sunt prelucrate \u00een urm\u0103toarele scopuri: procesarea \u0219i livrarea comenzilor, comunicarea cu clien\u021bii, emiterea documentelor fiscale, \u00eendeplinirea obliga\u021biilor legale, securitatea site-ului, \u00eembun\u0103t\u0103\u021birea experien\u021bei utilizatorilor<br \/>Datele nu sunt utilizate \u00een alte scopuri dec\u00e2t cele legale \u0219i declarate.<br \/>Temeiul legal al prelucr\u0103rii<br \/>Prelucrarea datelor se realizeaz\u0103 \u00een baza: consim\u021b\u0103m\u00e2ntului utilizatorului<br \/>execut\u0103rii unui contract (comand\u0103 online), obliga\u021biilor legale, interesului legitim al operatorului<br \/>Stocarea datelor<br \/>Datele personale sunt stocate doar pe perioada necesar\u0103 \u00eendeplinirii scopurilor pentru care au fost colectate sau conform legisla\u021biei \u00een vigoare.<br \/>Drepturile dvs. conform GDPR<br \/>\u00cen conformitate cu GDPR, beneficia\u021bi de urm\u0103toarele drepturi:<br \/>Dreptul la informare \u2013 s\u0103 \u0219ti\u021bi ce date sunt colectate \u0219i de ce<br \/>Dreptul de acces \u2013 pute\u021bi solicita o copie a datelor personale<br \/>Dreptul la rectificare \u2013 pute\u021bi corecta datele inexacte<br \/>Dreptul la \u0219tergere \u2013 pute\u021bi solicita \u0219tergerea datelor<br \/>Dreptul la restric\u021bionare \u2013 pute\u021bi limita prelucrarea<br \/>Dreptul la portabilitate \u2013 transferul datelor c\u0103tre alt operator<br \/>Dreptul de opozi\u021bie \u2013 \u00eempotriva prelucr\u0103rii \u00een scopuri de marketing<br \/>Dreptul de a depune o pl\u00e2ngere \u2013 la ANSPDCP, autoritatea de supraveghere din Rom\u00e2nia<br \/>Securitatea datelor<br \/>Sunt aplicate m\u0103suri tehnice \u0219i organizatorice adecvate pentru protejarea datelor \u00eempotriva: accesului neautorizat, pierderii sau distrugerii, divulg\u0103rii accidentale<br \/>Cum ne pute\u021bi contacta?<br \/>Pentru exercitarea drepturilor GDPR sau orice solicitare legat\u0103 de datele personale, ne pute\u021bi contacta la:<br \/><img decoding=\"async\" class=\"emoji\" role=\"img\" draggable=\"false\" src=\"https:\/\/s.w.org\/images\/core\/emoji\/17.0.2\/svg\/1f4e7.svg\" alt=\"\ud83d\udce7\">&nbsp;contact@httpsportofelepielero.local<br \/>Modific\u0103ri ale politicii GDPR<br \/>Aceast\u0103 politic\u0103 poate fi actualizat\u0103 periodic. Orice modificare va fi publicat\u0103 pe site-ul www.portofelepiele.ro<\/p>\n<\/div><\/div><\/div><\/div><\/div>\n","protected":false},"excerpt":{"rendered":"","protected":false},"author":1,"featured_media":0,"parent":0,"menu_order":0,"comment_status":"closed","ping_status":"closed","template":"100-width.php","meta":{"footnotes":""},"class_list":["post-57","page","type-page","status-publish","hentry"],"_links":{"self":[{"href":"https:\/\/portofelepiele.ro\/index.php?rest_route=\/wp\/v2\/pages\/57","targetHints":{"allow":["GET"]}}],"collection":[{"href":"https:\/\/portofelepiele.ro\/index.php?rest_route=\/wp\/v2\/pages"}],"about":[{"href":"https:\/\/portofelepiele.ro\/index.php?rest_route=\/wp\/v2\/types\/page"}],"author":[{"embeddable":true,"href":"https:\/\/portofelepiele.ro\/index.php?rest_route=\/wp\/v2\/users\/1"}],"replies":[{"embeddable":true,"href":"https:\/\/portofelepiele.ro\/index.php?rest_route=%2Fwp%2Fv2%2Fcomments&post=57"}],"version-history":[{"count":2,"href":"https:\/\/portofelepiele.ro\/index.php?rest_route=\/wp\/v2\/pages\/57\/revisions"}],"predecessor-version":[{"id":59,"href":"https:\/\/portofelepiele.ro\/index.php?rest_route=\/wp\/v2\/pages\/57\/revisions\/59"}],"wp:attachment":[{"href":"https:\/\/portofelepiele.ro\/index.php?rest_route=%2Fwp%2Fv2%2Fmedia&parent=57"}],"curies":[{"name":"wp","href":"https:\/\/api.w.org\/{rel}","templated":true}]}}