{"id":102,"date":"2026-03-10T23:44:12","date_gmt":"2026-03-10T23:44:12","guid":{"rendered":"https:\/\/portofelepiele.ro\/?post_type=product&#038;p=102"},"modified":"2026-04-01T15:47:07","modified_gmt":"2026-04-01T15:47:07","slug":"portofel-dama-gravat-cu-poza-si-text-rosu-orange","status":"publish","type":"product","link":"https:\/\/portofelepiele.ro\/?product=portofel-dama-gravat-cu-poza-si-text-rosu-orange","title":{"rendered":"Portofel dama gravat cu poza si text rosu-orange"},"content":{"rendered":"<div style=\"width: 1200px;\" class=\"wp-video\"><video class=\"wp-video-shortcode\" id=\"video-102-1\" width=\"1200\" height=\"675\" preload=\"metadata\" controls=\"controls\"><source type=\"video\/mp4\" src=\"https:\/\/portofelepiele.ro\/wp-content\/uploads\/2026\/03\/11WhatsApp-Video-2026-04-01-at-18.45.25.mp4?_=1\" \/><a href=\"https:\/\/portofelepiele.ro\/wp-content\/uploads\/2026\/03\/11WhatsApp-Video-2026-04-01-at-18.45.25.mp4\">https:\/\/portofelepiele.ro\/wp-content\/uploads\/2026\/03\/11WhatsApp-Video-2026-04-01-at-18.45.25.mp4<\/a><\/video><\/div>\n<p data-start=\"216\" data-end=\"479\">\u00cendr\u0103zne\u021b, feminin \u0219i plin de energie, acest portofel dam\u0103 ro\u0219u-orange este realizat din piele natural\u0103 premium \u0219i poate fi personalizat prin gravur\u0103 laser cu poz\u0103 \u0219i text la alegere. Nuan\u021ba vibrant\u0103 ro\u0219u-orange transmite pasiune, stil \u0219i personalitate puternic\u0103.<\/p>\n<p data-start=\"481\" data-end=\"621\">Gravura este realizat\u0103 direct \u00een piele, cu tehnologie laser de \u00eenalt\u0103 precizie, oferind un rezultat elegant, permanent \u0219i rezistent \u00een timp.<\/p>\n<hr data-start=\"623\" data-end=\"626\" \/>\n<h3 data-start=\"628\" data-end=\"678\">\u2728 Personalizare unic\u0103 \u2013 gravat cu poz\u0103 \u0219i text<\/h3>\n<p data-start=\"680\" data-end=\"827\">\u2714 Gravare cu fotografie la alegere<br data-start=\"714\" data-end=\"717\" \/>\u2714 Mesaj, nume sau dat\u0103 special\u0103<br data-start=\"748\" data-end=\"751\" \/>\u2714 Gravur\u0103 fin\u0103, permanent\u0103<br data-start=\"777\" data-end=\"780\" \/>\u2714 Nu se \u0219terge \u0219i nu afecteaz\u0103 textura pielii<\/p>\n<p data-start=\"829\" data-end=\"941\">Fie c\u0103 alegi o fotografie drag\u0103 sau un mesaj emo\u021bionant, portofelul devine un accesoriu cu valoare sentimental\u0103.<\/p>\n<hr data-start=\"943\" data-end=\"946\" \/>\n<h2 data-start=\"948\" data-end=\"991\">\ud83d\udcbc Compartimentare practic\u0103 \u0219i eficient\u0103<\/h2>\n<p data-start=\"993\" data-end=\"1045\">Creat pentru organizare optim\u0103 \u0219i utilizare zilnic\u0103:<\/p>\n<p data-start=\"1047\" data-end=\"1182\">\u2714 Buzunare pentru carduri<br data-start=\"1072\" data-end=\"1075\" \/>\u2714 Buzunar pentru monede<br data-start=\"1098\" data-end=\"1101\" \/>\u2714 Buzunare pentru bancnote<br data-start=\"1127\" data-end=\"1130\" \/>\u2714 Buzunar pentru buletin<br data-start=\"1154\" data-end=\"1157\" \/>\u2714 Buzunar pentru permis<\/p>\n<p data-start=\"1184\" data-end=\"1279\">Design compact, dar \u00eenc\u0103p\u0103tor \u2013 perfect pentru a avea toate documentele importante la \u00eendem\u00e2n\u0103.<\/p>\n","protected":false},"excerpt":{"rendered":"<p>\u00cendr\u0103zne\u021b, feminin \u0219i plin de energie, acest portofel dam\u0103 ro\u0219u-orange  [&#8230;]<\/p>\n","protected":false},"featured_media":119,"comment_status":"open","ping_status":"closed","template":"","meta":[],"product_brand":[],"product_cat":[28,24],"product_tag":[],"class_list":{"0":"post-102","1":"product","2":"type-product","3":"status-publish","4":"has-post-thumbnail","6":"product_cat-portofele-dama-din-piele-naturala-cu-inchidere-catarama-fata-si-magnet-spate-gravate-cu-poza-si-text-a-05","7":"product_cat-portofele-dama-personalizate-cu-poza-si-text-din-piele-naturala","8":"wcpa_has_options","10":"first","11":"instock","12":"sale","13":"shipping-taxable","14":"purchasable","15":"product-type-simple"},"_links":{"self":[{"href":"https:\/\/portofelepiele.ro\/index.php?rest_route=\/wp\/v2\/product\/102","targetHints":{"allow":["GET"]}}],"collection":[{"href":"https:\/\/portofelepiele.ro\/index.php?rest_route=\/wp\/v2\/product"}],"about":[{"href":"https:\/\/portofelepiele.ro\/index.php?rest_route=\/wp\/v2\/types\/product"}],"replies":[{"embeddable":true,"href":"https:\/\/portofelepiele.ro\/index.php?rest_route=%2Fwp%2Fv2%2Fcomments&post=102"}],"wp:featuredmedia":[{"embeddable":true,"href":"https:\/\/portofelepiele.ro\/index.php?rest_route=\/wp\/v2\/media\/119"}],"wp:attachment":[{"href":"https:\/\/portofelepiele.ro\/index.php?rest_route=%2Fwp%2Fv2%2Fmedia&parent=102"}],"wp:term":[{"taxonomy":"product_brand","embeddable":true,"href":"https:\/\/portofelepiele.ro\/index.php?rest_route=%2Fwp%2Fv2%2Fproduct_brand&post=102"},{"taxonomy":"product_cat","embeddable":true,"href":"https:\/\/portofelepiele.ro\/index.php?rest_route=%2Fwp%2Fv2%2Fproduct_cat&post=102"},{"taxonomy":"product_tag","embeddable":true,"href":"https:\/\/portofelepiele.ro\/index.php?rest_route=%2Fwp%2Fv2%2Fproduct_tag&post=102"}],"curies":[{"name":"wp","href":"https:\/\/api.w.org\/{rel}","templated":true}]}}